{"id":13007,"date":"2018-12-05T08:22:51","date_gmt":"2018-12-05T08:22:51","guid":{"rendered":"https:\/\/www.everymatrix.academy\/?page_id=13007"},"modified":"2021-11-17T08:51:04","modified_gmt":"2021-11-17T08:51:04","slug":"kids-area","status":"publish","type":"page","link":"https:\/\/teachstream.org\/ro\/kids-area\/","title":{"rendered":"Kids Area"},"content":{"rendered":"<p>[vc_row][vc_column][vc_column_text el_class=&#8221;alignleft&#8221;]<div class='dt-sc-small-separator '><\/div>\n<h2>PROIECTE<\/h2>\n<p>[\/vc_column_text]<div class='dt-sc-clear '> <\/div><div class='dt-sc-hr-invisible-xsmall '> <\/div>[\/vc_column][vc_column]<div class=\" vc_custom_1637139028926 ubtn-ctn-inline \"><a class=\"ubtn-link ult-adjust-bottom-margin ubtn-inline ubtn-large \" href=\"https:\/\/teachstream.org\/kids\/pe\/\" target=\"_blank\" rel=\"noopener\" ><button type=\"button\" id=\"ubtn-2251\" class=\"ubtn ult-adjust-bottom-margin ult-responsive ubtn-large ubtn-bottom-bg  none  ubtn-inline   tooltip-69e8338d2e164\"  data-hover=\"\" data-border-color=\"\" data-bg=\"#fa6962\" data-hover-bg=\"\" data-border-hover=\"\" data-shadow-hover=\"\" data-shadow-click=\"none\" data-shadow=\"\" data-shd-shadow=\"\"  data-ultimate-target='#ubtn-2251'  data-responsive-json-new='{\"font-size\":\"\",\"line-height\":\"\"}'  style=\"font-weight:normal;border:none;background: #fa6962;color: #ffffff;\"><span class=\"ubtn-hover\" style=\"background-color:\"><\/span><span class=\"ubtn-data ubtn-text \" >Photo Editor<\/span><\/button><\/a><\/div>[vc_column_text]Primul proiect in care am folosit javascript \u2013 Un editor foto simplu si rapid[\/vc_column_text]<div class=\" vc_custom_1637139036028 ubtn-ctn-inline \"><a class=\"ubtn-link ult-adjust-bottom-margin ubtn-inline ubtn-large \" href=\"https:\/\/teachstream.org\/kids\/x0\/\" target=\"_blank\" rel=\"noopener\" ><button type=\"button\" id=\"ubtn-6225\" class=\"ubtn ult-adjust-bottom-margin ult-responsive ubtn-large ubtn-bottom-bg  none  ubtn-inline   tooltip-69e8338d2e1ee\"  data-hover=\"\" data-border-color=\"\" data-bg=\"#fa6962\" data-hover-bg=\"\" data-border-hover=\"\" data-shadow-hover=\"\" data-shadow-click=\"none\" data-shadow=\"\" data-shd-shadow=\"\"  data-ultimate-target='#ubtn-6225'  data-responsive-json-new='{\"font-size\":\"\",\"line-height\":\"\"}'  style=\"font-weight:normal;border:none;background: #fa6962;color: #ffffff;\"><span class=\"ubtn-hover\" style=\"background-color:\"><\/span><span class=\"ubtn-data ubtn-text \" >TicTacToe<\/span><\/button><\/a><\/div>[vc_column_text]Primul nostru joc \u2013 Foloseste Javascript pentru a simula un jucator.[\/vc_column_text]<div class=\" vc_custom_1637139041566 ubtn-ctn-inline \"><a class=\"ubtn-link ult-adjust-bottom-margin ubtn-inline ubtn-large \" href=\"https:\/\/teachstream.org\/kids\/hangman\/\" target=\"_blank\" rel=\"noopener\" ><button type=\"button\" id=\"ubtn-4359\" class=\"ubtn ult-adjust-bottom-margin ult-responsive ubtn-large ubtn-bottom-bg  none  ubtn-inline   tooltip-69e8338d2e234\"  data-hover=\"\" data-border-color=\"\" data-bg=\"#fa6962\" data-hover-bg=\"\" data-border-hover=\"\" data-shadow-hover=\"\" data-shadow-click=\"none\" data-shadow=\"\" data-shd-shadow=\"\"  data-ultimate-target='#ubtn-4359'  data-responsive-json-new='{\"font-size\":\"\",\"line-height\":\"\"}'  style=\"font-weight:normal;border:none;background: #fa6962;color: #ffffff;\"><span class=\"ubtn-hover\" style=\"background-color:\"><\/span><span class=\"ubtn-data ubtn-text \" >Hangman<\/span><\/button><\/a><\/div>[vc_column_text]Un proiect mai complex \u2013 Jocul Spanzuratoarea[\/vc_column_text]<div class=\" vc_custom_1637139047134 ubtn-ctn-inline \"><a class=\"ubtn-link ult-adjust-bottom-margin ubtn-inline ubtn-large \" href=\"https:\/\/teachstream.org\/kids\/rpg\/\" target=\"_blank\" rel=\"noopener\" ><button type=\"button\" id=\"ubtn-3688\" class=\"ubtn ult-adjust-bottom-margin ult-responsive ubtn-large ubtn-bottom-bg  none  ubtn-inline   tooltip-69e8338d2e26c\"  data-hover=\"\" data-border-color=\"\" data-bg=\"#fa6962\" data-hover-bg=\"\" data-border-hover=\"\" data-shadow-hover=\"\" data-shadow-click=\"none\" data-shadow=\"\" data-shd-shadow=\"\"  data-ultimate-target='#ubtn-3688'  data-responsive-json-new='{\"font-size\":\"\",\"line-height\":\"\"}'  style=\"font-weight:normal;border:none;background: #fa6962;color: #ffffff;\"><span class=\"ubtn-hover\" style=\"background-color:\"><\/span><span class=\"ubtn-data ubtn-text \" >Enders (RPG)<\/span><\/button><\/a><\/div>[vc_column_text]Prima incercare pentru a crea un joc mai serios \u2013 este un Pen&amp;Paper RPG pe internet.[\/vc_column_text]<div class=\" vc_custom_1637139052445 ubtn-ctn-inline \"><a class=\"ubtn-link ult-adjust-bottom-margin ubtn-inline ubtn-large \" href=\"https:\/\/teachstream.org\/kids\/dino\/\" target=\"_blank\" rel=\"noopener\" ><button type=\"button\" id=\"ubtn-4981\" class=\"ubtn ult-adjust-bottom-margin ult-responsive ubtn-large ubtn-bottom-bg  none  ubtn-inline   tooltip-69e8338d2e2a4\"  data-hover=\"\" data-border-color=\"\" data-bg=\"#fa6962\" data-hover-bg=\"\" data-border-hover=\"\" data-shadow-hover=\"\" data-shadow-click=\"none\" data-shadow=\"\" data-shd-shadow=\"\"  data-ultimate-target='#ubtn-4981'  data-responsive-json-new='{\"font-size\":\"\",\"line-height\":\"\"}'  style=\"font-weight:normal;border:none;background: #fa6962;color: #ffffff;\"><span class=\"ubtn-hover\" style=\"background-color:\"><\/span><span class=\"ubtn-data ubtn-text \" >DinoPedia<\/span><\/button><\/a><\/div>[vc_column_text]Un proiect simplu pentru a arata cunostiintele de baza in HTML si CSS \u2013 o enciclopedie a dinozaurilor[\/vc_column_text]<div class=\" vc_custom_1637139057660 ubtn-ctn-inline \"><a class=\"ubtn-link ult-adjust-bottom-margin ubtn-inline ubtn-large \" href=\"https:\/\/teachstream.org\/kids\/ss\/\" target=\"_blank\" rel=\"noopener\" ><button type=\"button\" id=\"ubtn-5573\" class=\"ubtn ult-adjust-bottom-margin ult-responsive ubtn-large ubtn-bottom-bg  none  ubtn-inline   tooltip-69e8338d2e2d6\"  data-hover=\"\" data-border-color=\"\" data-bg=\"#fa6962\" data-hover-bg=\"\" data-border-hover=\"\" data-shadow-hover=\"\" data-shadow-click=\"none\" data-shadow=\"\" data-shd-shadow=\"\"  data-ultimate-target='#ubtn-5573'  data-responsive-json-new='{\"font-size\":\"\",\"line-height\":\"\"}'  style=\"font-weight:normal;border:none;background: #fa6962;color: #ffffff;\"><span class=\"ubtn-hover\" style=\"background-color:\"><\/span><span class=\"ubtn-data ubtn-text \" >StarFighter<\/span><\/button><\/a><\/div>[vc_column_text]Unul dintre cele mai bune jocuri facute de noi : foloseste animatii si sunete realizat in HTML CSS si Javascript \u2013 un joc clasic de actiune in spatiu[\/vc_column_text]<div class=\" vc_custom_1637139063133 ubtn-ctn-inline \"><a class=\"ubtn-link ult-adjust-bottom-margin ubtn-inline ubtn-large \" href=\"https:\/\/teachstream.org\/kids\/ssmp\/\" target=\"_blank\" rel=\"noopener\" ><button type=\"button\" id=\"ubtn-1501\" class=\"ubtn ult-adjust-bottom-margin ult-responsive ubtn-large ubtn-bottom-bg  none  ubtn-inline   tooltip-69e8338d2e305\"  data-hover=\"\" data-border-color=\"\" data-bg=\"#fa6962\" data-hover-bg=\"\" data-border-hover=\"\" data-shadow-hover=\"\" data-shadow-click=\"none\" data-shadow=\"\" data-shd-shadow=\"\"  data-ultimate-target='#ubtn-1501'  data-responsive-json-new='{\"font-size\":\"\",\"line-height\":\"\"}'  style=\"font-weight:normal;border:none;background: #fa6962;color: #ffffff;\"><span class=\"ubtn-hover\" style=\"background-color:\"><\/span><span class=\"ubtn-data ubtn-text \" >StarFighter Multiplayer<\/span><\/button><\/a><\/div>[vc_column_text]La fel ca precedentul doar ca il poti juca impreuna cu un prieten pe acelasi calculator.[\/vc_column_text][\/vc_column][vc_column]<div class='dt-sc-hr-invisible-large '> <\/div>[\/vc_column][\/vc_row][vc_row][vc_column][vc_column_text el_class=&#8221;alignleft&#8221; css=&#8221;.vc_custom_1543999198847{margin-bottom: 20px !important;}&#8221;]<div class='dt-sc-small-separator '><\/div>\n<h2>Galeria Celebrit\u0103\u021bilor<\/h2>\n<p>[\/vc_column_text]<div class='dt-sc-clear '> <\/div>[\/vc_column][\/vc_row][vc_row][vc_column][vc_row_inner][vc_column_inner width=&#8221;1\/3&#8243;]<div class='alignleft  ' ><img decoding=\"async\" loading=\"lazy\" class=\"alignnone size-full wp-image-12928 alignleft\" src=\"https:\/\/www.everymatrix.academy\/wp-content\/uploads\/2018\/07\/eduard.jpg\" alt=\"\" width=\"114\" height=\"114\" \/><\/p>\n<p style=\"text-align: justify;\">Eduard este un b\u0103iat de 11 ani avid de cunoa\u0219tere. \u00cenva\u021b\u0103 repede, ador\u0103 matematica \u0219i calculatoarele, caut\u0103 adesea solu\u021bii inedite \u0219i este entuziasmat de nou. Se pricepe foarte bine la tot ce facem: Microsoft Office, HTML, CSS, Javascript \u0219i Photoshop.<\/p><\/div>[\/vc_column_inner][vc_column_inner width=&#8221;1\/3&#8243;]<div class='alignleft  ' ><p style=\"text-align: justify;\"><img decoding=\"async\" loading=\"lazy\" class=\"size-full wp-image-12931 alignleft\" src=\"https:\/\/www.everymatrix.academy\/wp-content\/uploads\/2018\/07\/sara.jpg\" alt=\"\" width=\"114\" height=\"114\" \/>Sara este o fat\u0103 de 11 ani plin\u0103 de energie. Dac\u0103 se concentreaz\u0103 asupra unui lucru, nimic nu o poate opri. Se pricepe foarte bine la: HTML, CSS, Javascript, Photoshop si Microsoft Office. Este parte a echipei First Lego League.<\/p><\/div>[\/vc_column_inner][vc_column_inner width=&#8221;1\/3&#8243;]<div class='alignleft  ' ><p style=\"text-align: justify;\"><img decoding=\"async\" loading=\"lazy\" class=\"size-full wp-image-12936 alignleft\" src=\"https:\/\/www.everymatrix.academy\/wp-content\/uploads\/2018\/07\/elena.jpg\" alt=\"\" width=\"114\" height=\"114\" \/>Elena este o fat\u0103 timid\u0103 \u00een v\u00e2rst\u0103 de 15 ani. \u00cei place s\u0103 \u00eenve\u021be, ador\u0103 Photoshop-ul, dar se descurc\u0103 bine \u0219i cu: HTML, CSS \u0219i Javascript. Folose\u0219te cu succes Microsoft Office \u0219i este parte a echipei First Lego League.\u00a0Din 2018 este, de asemenea, parte a echipei noastre, accept\u00e2nd un job oferit de noi \u0219i ne ajuta cu lec\u021biile pentru copiii de v\u00e2rst\u0103 mai mic\u0103, dar \u0219i cu alte activit\u0103\u021bi.<\/p><\/div>[\/vc_column_inner][\/vc_row_inner][vc_empty_space][vc_row_inner][vc_column_inner width=&#8221;1\/2&#8243;]<div class='alignleft  ' ><p style=\"text-align: justify;\"><img decoding=\"async\" loading=\"lazy\" class=\"size-full wp-image-12938 alignleft\" src=\"https:\/\/www.everymatrix.academy\/wp-content\/uploads\/2018\/07\/lica.jpg\" alt=\"\" width=\"114\" height=\"114\" \/>Cristi este un entuziast al calculatoarelor la doar 13 ani. Se descurc\u0103 bine cu HTML, CSS, Javascript \u0219i Microsoft Office. \u00cei place s\u0103-\u0219i fac\u0103 cunoscut\u0103 activitatea pe Facebook \u0219i este foarte bun la \u00eenv\u0103\u021barea mecanic\u0103.<\/p><\/div>[\/vc_column_inner][vc_column_inner width=&#8221;1\/2&#8243;]<div class='alignleft  ' ><p style=\"text-align: justify;\"><img decoding=\"async\" loading=\"lazy\" class=\"size-full wp-image-12939 alignleft\" src=\"https:\/\/www.everymatrix.academy\/wp-content\/uploads\/2018\/07\/stefan.jpg\" alt=\"\" width=\"114\" height=\"114\" \/>\u0218tefan e un b\u0103iat foarte curios \u00een v\u00e2rst\u0103 de 13 ani. Este bun la Excel si PowerPoint, dar se descurc\u0103 \u0219i cu HTML, CSS \u0219i un pic de Javascript. \u00cei place s\u0103 lucreze \u00een Photoshop \u0219i este orientat pe detalii .<\/p><\/div>[\/vc_column_inner][\/vc_row_inner][\/vc_column][\/vc_row]<\/p>\n","protected":false},"excerpt":{"rendered":"<p>[vc_row][vc_column][vc_column_text el_class=&#8221;alignleft&#8221;] PROIECTE [\/vc_column_text][\/vc_column][vc_column][vc_column_text]Primul proiect in care am folosit javascript \u2013 Un editor foto simplu si rapid[\/vc_column_text][vc_column_text]Primul nostru joc \u2013 Foloseste Javascript pentru a simula un jucator.[\/vc_column_text][vc_column_text]Un proiect mai complex \u2013 Jocul Spanzuratoarea[\/vc_column_text][vc_column_text]Prima incercare pentru a crea un joc mai serios \u2013 este un Pen&amp;Paper RPG pe internet.[\/vc_column_text][vc_column_text]Un proiect simplu pentru a arata cunostiintele de [&hellip;]<\/p>\n","protected":false},"author":1,"featured_media":0,"parent":0,"menu_order":0,"comment_status":"open","ping_status":"closed","template":"","meta":{"footnotes":""},"_links":{"self":[{"href":"https:\/\/teachstream.org\/ro\/wp-json\/wp\/v2\/pages\/13007\/"}],"collection":[{"href":"https:\/\/teachstream.org\/ro\/wp-json\/wp\/v2\/pages\/"}],"about":[{"href":"https:\/\/teachstream.org\/ro\/wp-json\/wp\/v2\/types\/page\/"}],"author":[{"embeddable":true,"href":"https:\/\/teachstream.org\/ro\/wp-json\/wp\/v2\/users\/1\/"}],"replies":[{"embeddable":true,"href":"https:\/\/teachstream.org\/ro\/wp-json\/wp\/v2\/comments\/?post=13007"}],"version-history":[{"count":7,"href":"https:\/\/teachstream.org\/ro\/wp-json\/wp\/v2\/pages\/13007\/revisions\/"}],"predecessor-version":[{"id":13276,"href":"https:\/\/teachstream.org\/ro\/wp-json\/wp\/v2\/pages\/13007\/revisions\/13276\/"}],"wp:attachment":[{"href":"https:\/\/teachstream.org\/ro\/wp-json\/wp\/v2\/media\/?parent=13007"}],"curies":[{"name":"wp","href":"https:\/\/api.w.org\/{rel}","templated":true}]}}