{"id":13012,"date":"2018-12-05T08:27:53","date_gmt":"2018-12-05T08:27:53","guid":{"rendered":"https:\/\/www.everymatrix.academy\/?page_id=13012"},"modified":"2023-05-02T08:21:58","modified_gmt":"2023-05-02T08:21:58","slug":"home","status":"publish","type":"page","link":"https:\/\/teachstream.org\/ro\/","title":{"rendered":"Acasa"},"content":{"rendered":"<p>[vc_row full_width=&#8221;stretch_row_content_no_spaces&#8221; equal_height=&#8221;yes&#8221; el_id=&#8221;home-intro&#8221;][vc_column width=&#8221;1\/2&#8243; css=&#8221;.vc_custom_1637138927772{background-image: url(https:\/\/www.everymatrix.academy\/wp-content\/uploads\/2021\/01\/WhatsApp-Image-2020-12-16-at-14.50.50.jpeg?id=13225) !important;background-position: center !important;background-repeat: no-repeat !important;background-size: cover !important;}&#8221; el_class=&#8221;vc_custom_1610362205954&#8243;][\/vc_column][vc_column width=&#8221;1\/2&#8243; css=&#8221;.vc_custom_1542966238225{padding-top: 50px !important;padding-right: 50px !important;padding-bottom: 50px !important;padding-left: 50px !important;}&#8221;][vc_column_text]<\/p>\n<h1><strong><i><span lang=\"en-GB\">Enable, inspire, educate.<br \/>\nQuality education for social care centers.<\/span><\/i><\/strong><\/h1>\n<p>[\/vc_column_text]<div class='dt-sc-icon-box type7 ' style=' border-color: #624dd6;'><div class=\"icon-wrapper\"><span class='fa fa-laptop'> <\/span><\/div><div class=\"icon-content\"><h5>Cursuri de informatic\u0103<\/h5><h4>De baz\u0103, Office, programare<\/h4><p><\/p><\/div><\/div><div class='dt-sc-icon-box type7  iconbox-18873864072527987922347797621008058920' style=' border-color: #08aaf4;'><div class=\"icon-wrapper\"><span class='fa fa-code-fork'> <\/span><\/div><div class=\"icon-content\"><h5>Ini\u021biere \u00een<\/h5><h4>Robotic\u0103<\/h4><p><\/p><\/div><\/div><div class='dt-sc-icon-box type7  iconbox-197543754810759074404240981131353584868' style=' border-color: #f95a27;'><div class=\"icon-wrapper\"><span class='fa fa-book'> <\/span><\/div><div class=\"icon-content\"><h5>Punem accent pe<\/h5><h4>Matematic\u0103 \u0219i Englez\u0103<\/h4><p><\/p><\/div><\/div><div class='dt-sc-icon-box type7  iconbox-809101379175334773810899431641275232751' style=' border-color: #f93466;'><div class=\"icon-wrapper\"><span class='fa fa-trophy'> <\/span><\/div><div class=\"icon-content\"><h5>Avem rezultate \u00een<\/h5><h4>Programare \u0219i Robotic\u0103<\/h4><p><\/p><\/div><\/div>[\/vc_column][\/vc_row][vc_row full_width=&#8221;stretch_row&#8221; css_animation=&#8221;none&#8221; css=&#8221;.vc_custom_1542966268100{padding-top: 50px !important;padding-bottom: 40px !important;background-color: #f8f8f8 !important;}&#8221;][vc_column width=&#8221;1\/4&#8243;]<div class=\"ult-animation  ult-no-mobile \" data-animate=\"No Animation\" data-animation-delay=\"0.8\" data-animation-duration=\"1\" data-animation-iteration=\"1\" style=\"\" ><div class='dt-sc-icon-box type5  iconbox-8273659369584814168257975291721630246'><div class=\"icon-wrapper\"><span class='icomoon icon-Chemical'> <\/span><\/div><div class=\"icon-content\"><p>Cursurile se desf\u0103\u0219oar\u0103 \u00een laboratoare moderne<\/p><\/div><\/div><\/div>[\/vc_column][vc_column width=&#8221;1\/4&#8243;]<div class=\"ult-animation  ult-no-mobile \" data-animate=\"No Animation\" data-animation-delay=\"1.1\" data-animation-duration=\"1\" data-animation-iteration=\"1\" style=\"\" ><div class='dt-sc-icon-box type5  iconbox-1495775051988413198152759725945520667'><div class=\"icon-wrapper\"><span class='icomoon icon-Brain'> <\/span><\/div><div class=\"icon-content\"><p>\u00cencuraj\u0103m g\u00e2ndirea liber\u0103 \u0219i deschiderea c\u0103tre nou<\/p><\/div><\/div><\/div>[\/vc_column][vc_column width=&#8221;1\/4&#8243;]<div class=\"ult-animation  ult-no-mobile \" data-animate=\"No Animation\" data-animation-delay=\"1.4\" data-animation-duration=\"1\" data-animation-iteration=\"1\" style=\"\" ><div class='dt-sc-icon-box type5  iconbox-105545873510858344438802299571762219422'><div class=\"icon-wrapper\"><span class='icomoon icon-Book'> <\/span><\/div><div class=\"icon-content\"><p>Cheia succesului nostru e practica<\/p><\/div><\/div><\/div>[\/vc_column][vc_column width=&#8221;1\/4&#8243;]<div class=\"ult-animation  ult-no-mobile \" data-animate=\"No Animation\" data-animation-delay=\"1.7\" data-animation-duration=\"1\" data-animation-iteration=\"1\" style=\"\" ><div class='dt-sc-icon-box type5 '><div class=\"icon-wrapper\"><span class='icomoon icon-Air-Balloon'> <\/span><\/div><div class=\"icon-content\"><p>Particip\u0103m des \u00een diverse competi\u021bii<\/p><\/div><\/div><\/div>[\/vc_column][\/vc_row][vc_row full_width=&#8221;stretch_row&#8221; css_animation=&#8221;none&#8221; css=&#8221;.vc_custom_1542795389970{padding-top: 60px !important;padding-bottom: 140px !important;background-color: #f8f8f8 !important;}&#8221;][vc_column]<div class=\"ult-animation  ult-no-mobile \" data-animate=\"No Animation\" data-animation-delay=\"0.8\" data-animation-duration=\"1\" data-animation-iteration=\"1\" style=\"\" >[vc_custom_heading text=&#8221;De ce Teachstream:&#8221; font_container=&#8221;tag:h2|font_size:36px|text_align:center|color:%23673ab7&#8243; google_fonts=&#8221;font_family:Oleo%20Script%3Aregular%2C700|font_style:400%20regular%3A400%3Anormal&#8221;][vc_single_image image=&#8221;9194&#8243; img_size=&#8221;full&#8221; alignment=&#8221;center&#8221;]<\/div>[vc_row_inner][vc_column_inner width=&#8221;1\/3&#8243;]<div class=\"ult-animation  ult-no-mobile \" data-animate=\"No Animation\" data-animation-delay=\"1.1\" data-animation-duration=\"1\" data-animation-iteration=\"1\" style=\"\" ><div class='dt-sc-icon-box type3 '><div class=\"icon-wrapper\"><span class='icomoon icon-Alarm'> <\/span><\/div><div class=\"icon-content\"><h4>\u0218ans\u0103<\/h4><p>Oferim educa\u021bie de calitate copiilor care nu au acces la ea<\/p><\/div><\/div><\/div>[\/vc_column_inner][vc_column_inner width=&#8221;1\/3&#8243;]<div class=\"ult-animation  ult-no-mobile \" data-animate=\"No Animation\" data-animation-delay=\"1.4\" data-animation-duration=\"1\" data-animation-iteration=\"1\" style=\"\" ><div class='dt-sc-icon-box type3  iconbox-805233895194024982910705288511246603718'><div class=\"icon-wrapper\"><span class='icomoon icon-Coffee'> <\/span><\/div><div class=\"icon-content\"><h4>Recunoa\u0219tere<\/h4><p>Avem dou\u0103 premii ob\u021binute la First Lego League<\/p><\/div><\/div><\/div>[\/vc_column_inner][vc_column_inner width=&#8221;1\/3&#8243;]<div class=\"ult-animation  ult-no-mobile \" data-animate=\"No Animation\" data-animation-delay=\"1.7\" data-animation-duration=\"1\" data-animation-iteration=\"1\" style=\"\" ><div class='dt-sc-icon-box type3  iconbox-84157893973992264112033002531206142733'><div class=\"icon-wrapper\"><span class='icomoon icon-Monitor-Laptop'> <\/span><\/div><div class=\"icon-content\"><h4>Reten\u021bie<\/h4><p>Oferim continuitatea cursurilor copiilor care au ie\u0219it din programele DGASPC<\/p><\/div><\/div><\/div>[\/vc_column_inner][\/vc_row_inner][\/vc_column][\/vc_row][vc_row full_width=&#8221;stretch_row&#8221; css_animation=&#8221;none&#8221; el_class=&#8221;dt-sc-skin-color dt-sc-dark-bg&#8221; css=&#8221;.vc_custom_1542795397997{padding-bottom: 115px !important;background-image: url(https:\/\/www.everymatrix.academy\/wp-content\/uploads\/2016\/11\/doodle_bg2.png?id=11214) !important;background-position: 0 0 !important;background-repeat: repeat !important;}&#8221; addstyles=&#8221;background-attachment:fixed !important; overflow:visible !important;&#8221;][vc_column el_class=&#8221;aligncenter&#8221;]<div class=\"ult-animation  ult-no-mobile \" data-animate=\"No Animation\" data-animation-delay=\"0.8\" data-animation-duration=\"1\" data-animation-iteration=\"1\" style=\"\" >[vc_single_image image=&#8221;9178&#8243; img_size=&#8221;full&#8221; alignment=&#8221;center&#8221; css=&#8221;.vc_custom_1485867549632{margin-top: -100px !important;padding-bottom: 45px !important;}&#8221;]<\/div><div class=\"ult-animation  ult-no-mobile \" data-animate=\"No Animation\" data-animation-delay=\"1.1\" data-animation-duration=\"1\" data-animation-iteration=\"1\" style=\"\" >[vc_custom_heading text=&#8221;Everything is possible.&#8221; font_container=&#8221;tag:h2|font_size:36px|text_align:center&#8221; google_fonts=&#8221;font_family:Roboto%3A100%2C100italic%2C300%2C300italic%2Cregular%2Citalic%2C500%2C500italic%2C700%2C700italic%2C900%2C900italic|font_style:300%20light%20regular%3A300%3Anormal&#8221; css=&#8221;.vc_custom_1637138948771{margin-bottom: 35px !important;}&#8221; link=&#8221;url:https%3A%2F%2Fteachstream.org%2Fro%2Fcontact%2F|||&#8221;]<\/div><div class=\"ult-animation  ult-no-mobile \" data-animate=\"No Animation\" data-animation-delay=\"1.4\" data-animation-duration=\"1\" data-animation-iteration=\"1\" style=\"\" ><a href='https:\/\/teachstream.org\/ro\/contact\/' target='_self' title='' class='dt-sc-button   large   yellow rounded-corner  '  style=\"color:#624dd6;\"> Contact <\/a><\/div>[\/vc_column][\/vc_row]<\/p>\n","protected":false},"excerpt":{"rendered":"<p>[vc_row full_width=&#8221;stretch_row_content_no_spaces&#8221; equal_height=&#8221;yes&#8221; el_id=&#8221;home-intro&#8221;][vc_column width=&#8221;1\/2&#8243; css=&#8221;.vc_custom_1637138927772{background-image: url(https:\/\/www.everymatrix.academy\/wp-content\/uploads\/2021\/01\/WhatsApp-Image-2020-12-16-at-14.50.50.jpeg?id=13225) !important;background-position: center !important;background-repeat: no-repeat !important;background-size: cover !important;}&#8221; el_class=&#8221;vc_custom_1610362205954&#8243;][\/vc_column][vc_column width=&#8221;1\/2&#8243; css=&#8221;.vc_custom_1542966238225{padding-top: 50px !important;padding-right: 50px !important;padding-bottom: 50px !important;padding-left: 50px !important;}&#8221;][vc_column_text] Enable, inspire, educate. Quality education for social care centers. [\/vc_column_text][\/vc_column][\/vc_row][vc_row full_width=&#8221;stretch_row&#8221; css_animation=&#8221;none&#8221; css=&#8221;.vc_custom_1542966268100{padding-top: 50px !important;padding-bottom: 40px !important;background-color: #f8f8f8 !important;}&#8221;][vc_column width=&#8221;1\/4&#8243;][\/vc_column][vc_column width=&#8221;1\/4&#8243;][\/vc_column][vc_column width=&#8221;1\/4&#8243;][\/vc_column][vc_column width=&#8221;1\/4&#8243;][\/vc_column][\/vc_row][vc_row full_width=&#8221;stretch_row&#8221; css_animation=&#8221;none&#8221; css=&#8221;.vc_custom_1542795389970{padding-top: 60px !important;padding-bottom: 140px !important;background-color: [&hellip;]<\/p>\n","protected":false},"author":1,"featured_media":0,"parent":0,"menu_order":0,"comment_status":"closed","ping_status":"closed","template":"","meta":{"footnotes":""},"_links":{"self":[{"href":"https:\/\/teachstream.org\/ro\/wp-json\/wp\/v2\/pages\/13012\/"}],"collection":[{"href":"https:\/\/teachstream.org\/ro\/wp-json\/wp\/v2\/pages\/"}],"about":[{"href":"https:\/\/teachstream.org\/ro\/wp-json\/wp\/v2\/types\/page\/"}],"author":[{"embeddable":true,"href":"https:\/\/teachstream.org\/ro\/wp-json\/wp\/v2\/users\/1\/"}],"replies":[{"embeddable":true,"href":"https:\/\/teachstream.org\/ro\/wp-json\/wp\/v2\/comments\/?post=13012"}],"version-history":[{"count":17,"href":"https:\/\/teachstream.org\/ro\/wp-json\/wp\/v2\/pages\/13012\/revisions\/"}],"predecessor-version":[{"id":13439,"href":"https:\/\/teachstream.org\/ro\/wp-json\/wp\/v2\/pages\/13012\/revisions\/13439\/"}],"wp:attachment":[{"href":"https:\/\/teachstream.org\/ro\/wp-json\/wp\/v2\/media\/?parent=13012"}],"curies":[{"name":"wp","href":"https:\/\/api.w.org\/{rel}","templated":true}]}}