{"id":13062,"date":"2018-12-05T08:34:40","date_gmt":"2018-12-05T08:34:40","guid":{"rendered":"https:\/\/www.everymatrix.academy\/?page_id=13062"},"modified":"2024-06-19T13:17:53","modified_gmt":"2024-06-19T13:17:53","slug":"profesori","status":"publish","type":"page","link":"https:\/\/teachstream.org\/ro\/profesori\/","title":{"rendered":"Profesori"},"content":{"rendered":"<p>[vc_row][vc_column]<div class='dt-sc-hr-invisible-small '> <\/div><div class=\"dt-sc-testimonial-wrapper\"><div class='dt-sc-testimonial type3 '><div class=\"dt-sc-testimonial-author\"><span><img width=\"175\" height=\"175\" src=\"https:\/\/teachstream.org\/wp-content\/uploads\/2018\/06\/catalin.jpg\" class=\"attachment-full\" alt=\"\" decoding=\"async\" loading=\"lazy\" srcset=\"https:\/\/teachstream.org\/wp-content\/uploads\/2018\/06\/catalin.jpg 175w, https:\/\/teachstream.org\/wp-content\/uploads\/2018\/06\/catalin-150x150.jpg 150w\" sizes=\"(max-width: 175px) 100vw, 175px\" \/><\/span><cite>C\u0103t\u0103lin, <small>Profesor de Informatic\u0103<\/small><\/cite><\/div><div class=\"dt-sc-testimonial-quote\"><blockquote><q>Sunt pasionat de IT de la o v\u00e2rst\u0103 fraged\u0103 \u0219i am \u00eenceput s\u0103 predau cursuri de informatic\u0103 \u0219i economie adolescen\u021bilor \u0219i adul\u021bilor \u00eenc\u0103 din primii ani de facultate. S\u0103 lucrez cu ace\u0219ti copii am crezut c\u0103 va fi o provocare, dar s-a dovedit a fi unul dintre cele mai bune lucruri pe care le-am f\u0103cut vreodat\u0103 \u0219i cel care mi-a adus cea mai mult\u0103 satisfac\u021bie. Am fost implicat \u00een acest proiect din 2015, \u00eenc\u0103 de la \u00eenceputul s\u0103u. \u00cei \u00eenv\u0103\u021b pe copii ce sunt calculatoarele, cum func\u021bioneaz\u0103, ce pot face cu ele \u0219i cum s\u0103 le foloseasc\u0103. \u00cencep\u00e2nd cu lucruri de baz\u0103 \u0219i ajung\u00e2nd la programare, sper s\u0103 \u00eei pot aduce pe copii la acela\u0219i nivel cu copiii care au acces la orice \u0219i, de ce nu, chiar mai departe, astfel \u00eenc\u00e2t s\u0103 devin\u0103 competitivi \u0219i gata s\u0103 lupte pentru un loc mai bun \u00een societate \u0219i s\u0103 fie un model pentru al\u021bii.<\/q><\/blockquote><\/div><\/div><\/div>\n<div class='dt-sc-hr-invisible-small '> <\/div><div class=\"dt-sc-testimonial-wrapper\"><div class='dt-sc-testimonial type3 alignright'><div class=\"dt-sc-testimonial-author\"><span><img width=\"1147\" height=\"1147\" src=\"https:\/\/teachstream.org\/wp-content\/uploads\/2024\/06\/gvg-1.jpg\" class=\"attachment-full\" alt=\"\" decoding=\"async\" loading=\"lazy\" srcset=\"https:\/\/teachstream.org\/wp-content\/uploads\/2024\/06\/gvg-1.jpg 1147w, https:\/\/teachstream.org\/wp-content\/uploads\/2024\/06\/gvg-1-300x300.jpg 300w, https:\/\/teachstream.org\/wp-content\/uploads\/2024\/06\/gvg-1-1024x1024.jpg 1024w, https:\/\/teachstream.org\/wp-content\/uploads\/2024\/06\/gvg-1-150x150.jpg 150w\" sizes=\"(max-width: 1147px) 100vw, 1147px\" \/><\/span><cite>Maria, <small>Profesoar\u0103 IT &amp; Matematic\u0103<\/small><\/cite><\/div><div class=\"dt-sc-testimonial-quote\"><blockquote><q>Cred cu t\u0103rie c\u0103 educa\u021bia poate transforma vie\u021bi. Consider c\u0103 este esen\u021bial ca elevii s\u0103 \u0219tie c\u0103 noi, adul\u021bii, suntem aici pentru a-i sprijini. Indiferent dac\u0103 au nevoie de ajutor cu temele, au \u00eentreb\u0103ri despre via\u021b\u0103 sau doar au nevoie de cineva care s\u0103 \u00eei asculte, sunt aici pentru ei. Vreau ca fiecare copil s\u0103 r\u0103m\u00e2n\u0103 curios \u0219i dornic s\u0103 \u00eenve\u021be mai mult, a\u0219a c\u0103 \u00eemi propun ca fiecare lec\u021bie s\u0103 fie distractiv\u0103 pentru ca ei s\u0103 simt\u0103 c\u0103 merit\u0103 efortul depus.<\/q><\/blockquote><\/div><\/div><\/div>\n<div class='dt-sc-hr-invisible-small '> <\/div><div class=\"dt-sc-testimonial-wrapper\"><div class='dt-sc-testimonial type3 alignright'><div class=\"dt-sc-testimonial-author\"><span><img width=\"175\" height=\"175\" src=\"https:\/\/teachstream.org\/wp-content\/uploads\/2023\/01\/image-8-3.png\" class=\"attachment-full\" alt=\"\" decoding=\"async\" loading=\"lazy\" srcset=\"https:\/\/teachstream.org\/wp-content\/uploads\/2023\/01\/image-8-3.png 175w, https:\/\/teachstream.org\/wp-content\/uploads\/2023\/01\/image-8-3-150x150.png 150w\" sizes=\"(max-width: 175px) 100vw, 175px\" \/><\/span><cite>Antonia, <small>Profesoar\u0103 de Englez\u0103<\/small><\/cite><\/div><div class=\"dt-sc-testimonial-quote\"><blockquote><q>De ce am ales sa predau? Profesoara mea, de limba romana, din liceu a fost primul cadru didactic care a inglobat suplimentar atributiilor pedagogice si meseria de prieten, terapeut, ghid in descifrarea misterelor adolescentine si alegerea carierei. Aditional, toate aceste insusiri au fost infasurate in rabdare, creativitate, gandire critica si intelepciune, iar limba si literatura romana a fost predata prin prisma provocarilor vietii, dincolo de liceu. In consecinta, la finalul clasei a 12-a, mi-am propus sa ofer copiilor o experienta de invatare aparte, sa le insuflu bucuria de a invata, asa cum a facut si mentorul meu. In felul acesta, odata cu trecerea anilor, am absolvit Facultatea de Litere, specializarea Romana-Engleza si am terminat masterul in Pedagogie. De atunci, am incercat sa duc mostenirea mai departe, oferind elevilor posibilitatea de a realiza ca intregul process de invatare poate fi atat placut cat si satisfacator.<\/q><\/blockquote><\/div><\/div><\/div>\n<div class='dt-sc-hr-invisible-small '> <\/div><div class=\"dt-sc-testimonial-wrapper\"><div class='dt-sc-testimonial type3 alignright'><div class=\"dt-sc-testimonial-author\"><span><img width=\"175\" height=\"175\" src=\"https:\/\/teachstream.org\/wp-content\/uploads\/2023\/01\/Frame-1203.png\" class=\"attachment-full\" alt=\"\" decoding=\"async\" loading=\"lazy\" srcset=\"https:\/\/teachstream.org\/wp-content\/uploads\/2023\/01\/Frame-1203.png 175w, https:\/\/teachstream.org\/wp-content\/uploads\/2023\/01\/Frame-1203-150x150.png 150w\" sizes=\"(max-width: 175px) 100vw, 175px\" \/><\/span><cite>Stefan, <small>Profesor IT<\/small><\/cite><\/div><div class=\"dt-sc-testimonial-quote\"><blockquote><q>Este o experienta incredibila sa ghidez un copil spre a invata lucruri noi. Pentru acei copii care nu au avut niciodata posibilitatea de a invata sa foloseasc\u0103 un calculator este fantastic sa descopere cate lucruri pot face cu ajutorul tehnologiei, care face parte din viata noastra de zi cu zi. Tehnologia informatiei este in continua crestere, motiv pentru care trebuie sa facem tot posibilul sa utilizam resursele disponibile pentru a facilita educatia si dezvoltarea copiilor, atat de necesare pentru viitorul lor.<\/q><\/blockquote><\/div><\/div><\/div>\n<div class='dt-sc-hr-invisible-small '> <\/div><div class=\"dt-sc-testimonial-wrapper\"><div class='dt-sc-testimonial type3 '><div class=\"dt-sc-testimonial-author\"><span><img width=\"946\" height=\"890\" src=\"https:\/\/teachstream.org\/wp-content\/uploads\/2024\/05\/77283ed2-5ae0-4244-b2a8-0627d627b040-e1716622234293.jpg\" class=\"attachment-full\" alt=\"\" decoding=\"async\" loading=\"lazy\" srcset=\"https:\/\/teachstream.org\/wp-content\/uploads\/2024\/05\/77283ed2-5ae0-4244-b2a8-0627d627b040-e1716622234293.jpg 946w, https:\/\/teachstream.org\/wp-content\/uploads\/2024\/05\/77283ed2-5ae0-4244-b2a8-0627d627b040-e1716622234293-300x282.jpg 300w\" sizes=\"(max-width: 946px) 100vw, 946px\" \/><\/span><cite>Alexandru, <small>Profesor IT<\/small><\/cite><\/div><div class=\"dt-sc-testimonial-quote\"><blockquote><q>Sunt un profesor dedicat \u0219i angajat \u00een facilitarea instrumentelor necesare \u00eenv\u0103\u021b\u0103rii elevilor. Abordarea mea de predare se bazeaz\u0103 pe rezolvarea problemelor \u0219i a experien\u021belor practice, cu accent pe &#8222;Reverse Engineering&#8221; a subiectelor complexe \u0219i &#8222;Learning by Doing&#8221;. Imi place sa descompun conceptele complicate in elemente simple \u0219i promovez un mediu de \u00eenv\u0103\u021bare dinamic pentru a preg\u0103ti elevii pentru un viitor de succes \u00eentr-un peisaj educa\u021bional \u00een continu\u0103 evolu\u021bie. Experien\u021ba mea include expertiz\u0103 \u00een inginerie industrial\u0103 \u0219i domeniul cloud.<\/q><\/blockquote><\/div><\/div><\/div>\n<div class='dt-sc-hr-invisible-small '> <\/div><div class=\"dt-sc-testimonial-wrapper\"><div class='dt-sc-testimonial type3 alignright'><div class=\"dt-sc-testimonial-author\"><span><img width=\"1536\" height=\"1539\" src=\"https:\/\/teachstream.org\/wp-content\/uploads\/2024\/06\/d.jpg\" class=\"attachment-full\" alt=\"\" decoding=\"async\" loading=\"lazy\" srcset=\"https:\/\/teachstream.org\/wp-content\/uploads\/2024\/06\/d.jpg 1536w, https:\/\/teachstream.org\/wp-content\/uploads\/2024\/06\/d-300x300.jpg 300w, https:\/\/teachstream.org\/wp-content\/uploads\/2024\/06\/d-1022x1024.jpg 1022w, https:\/\/teachstream.org\/wp-content\/uploads\/2024\/06\/d-150x150.jpg 150w, https:\/\/teachstream.org\/wp-content\/uploads\/2024\/06\/d-1533x1536.jpg 1533w\" sizes=\"(max-width: 1536px) 100vw, 1536px\" \/><\/span><cite>Emilia, <small>Profesoar\u0103 de Englez\u0103<\/small><\/cite><\/div><div class=\"dt-sc-testimonial-quote\"><blockquote><q>\u00cenc\u0103 din primul an de facultate am \u0219tiut c\u0103 vreau s\u0103 devin profesor \u0219i am urmat cu perseveren\u021b\u0103 acest drum \u00een anii care au urmat. M\u0103 consider o persoan\u0103 bun\u0103 la suflet, care se str\u0103duie\u0219te mereu s\u0103 se \u00eembun\u0103t\u0103\u021beasc\u0103 \u0219i este dedicat\u0103 s\u0103 \u00eei ajute pe ceilal\u021bi s\u0103 evolueze.<\/q><\/blockquote><\/div><\/div><\/div>\n<div class='dt-sc-hr-invisible-small '> <\/div>[vc_empty_space height=&#8221;80px&#8221;]<div class='dt-sc-hr-invisible-small '> <\/div><div id=\"ultimate-heading-846269e7feb69b0df\" class=\"uvc-heading ult-adjust-bottom-margin ultimate-heading-846269e7feb69b0df uvc-9098 \" data-hspacer=\"no_spacer\"  data-halign=\"center\" style=\"text-align:center\"><div class=\"uvc-heading-spacer no_spacer\" style=\"top\"><\/div><div class=\"uvc-main-heading ult-responsive\"  data-ultimate-target='.uvc-heading.ultimate-heading-846269e7feb69b0df h3'  data-responsive-json-new='{\"font-size\":\"\",\"line-height\":\"\"}' ><h3 style=\"font-weight:normal;\">Ocazional avem profesori voluntari din cadrul Everymatrix, exper\u021bi \u00een domeniile lor: Samoil Dolejan (director financiar), Teodora C\u0103ilean (programator Javascript), Viorel Mocanu (director de design), Evelina V\u0103duva (programator Javascript), Mihaela Dolejan (designer)<\/h3><\/div><\/div>[vc_empty_space height=&#8221;80px&#8221;][\/vc_column][\/vc_row]<\/p>\n","protected":false},"excerpt":{"rendered":"<p>[vc_row][vc_column] [vc_empty_space height=&#8221;80px&#8221;][vc_empty_space height=&#8221;80px&#8221;][\/vc_column][\/vc_row]<\/p>\n","protected":false},"author":1,"featured_media":0,"parent":0,"menu_order":0,"comment_status":"open","ping_status":"closed","template":"","meta":{"footnotes":""},"_links":{"self":[{"href":"https:\/\/teachstream.org\/ro\/wp-json\/wp\/v2\/pages\/13062\/"}],"collection":[{"href":"https:\/\/teachstream.org\/ro\/wp-json\/wp\/v2\/pages\/"}],"about":[{"href":"https:\/\/teachstream.org\/ro\/wp-json\/wp\/v2\/types\/page\/"}],"author":[{"embeddable":true,"href":"https:\/\/teachstream.org\/ro\/wp-json\/wp\/v2\/users\/1\/"}],"replies":[{"embeddable":true,"href":"https:\/\/teachstream.org\/ro\/wp-json\/wp\/v2\/comments\/?post=13062"}],"version-history":[{"count":16,"href":"https:\/\/teachstream.org\/ro\/wp-json\/wp\/v2\/pages\/13062\/revisions\/"}],"predecessor-version":[{"id":13725,"href":"https:\/\/teachstream.org\/ro\/wp-json\/wp\/v2\/pages\/13062\/revisions\/13725\/"}],"wp:attachment":[{"href":"https:\/\/teachstream.org\/ro\/wp-json\/wp\/v2\/media\/?parent=13062"}],"curies":[{"name":"wp","href":"https:\/\/api.w.org\/{rel}","templated":true}]}}